{"id":5289,"date":"2017-12-06T11:42:00","date_gmt":"2017-12-06T10:42:00","guid":{"rendered":"https:\/\/universia-trading.ma\/contact\/"},"modified":"2023-04-13T18:52:57","modified_gmt":"2023-04-13T16:52:57","slug":"contact","status":"publish","type":"page","link":"https:\/\/universia-trading.ma\/en\/contact\/","title":{"rendered":"Contact"},"content":{"rendered":"<p>[vc_row][vc_column]<div id=\"ultimate-heading-17069ecdfa23b773\" class=\"uvc-heading ult-adjust-bottom-margin ultimate-heading-17069ecdfa23b773 uvc-7851  uvc-heading-default-font-sizes\" data-hspacer=\"no_spacer\"  data-halign=\"center\" style=\"text-align:center\"><div class=\"uvc-heading-spacer no_spacer\" style=\"top\"><\/div><div class=\"uvc-main-heading ult-responsive\"  data-ultimate-target='.uvc-heading.ultimate-heading-17069ecdfa23b773 h2'  data-responsive-json-new='{\"font-size\":\"\",\"line-height\":\"\"}' ><h2 style=\"--font-weight:theme;\">COMPL\u00c9TEZ LE FORMULAIRE CI-DESSOUS POUR VOUS PR\u00c9-INSCRIRE \u00c0 NOS FORMATIONS TRADING<\/h2><\/div><\/div>\n<div class=\"wpcf7 no-js\" id=\"wpcf7-f2170-o1\" lang=\"en-US\" dir=\"ltr\">\n<div class=\"screen-reader-response\"><p role=\"status\" aria-live=\"polite\" aria-atomic=\"true\"><\/p> <ul><\/ul><\/div>\n<form action=\"\/en\/wp-json\/wp\/v2\/pages\/5289#wpcf7-f2170-o1\" method=\"post\" class=\"wpcf7-form init\" aria-label=\"Contact form\" novalidate=\"novalidate\" data-status=\"init\">\n<div style=\"display: none;\">\n<input type=\"hidden\" name=\"_wpcf7\" value=\"2170\" \/>\n<input type=\"hidden\" name=\"_wpcf7_version\" value=\"5.7.7\" \/>\n<input type=\"hidden\" name=\"_wpcf7_locale\" value=\"en_US\" \/>\n<input type=\"hidden\" name=\"_wpcf7_unit_tag\" value=\"wpcf7-f2170-o1\" \/>\n<input type=\"hidden\" name=\"_wpcf7_container_post\" value=\"0\" \/>\n<input type=\"hidden\" name=\"_wpcf7_posted_data_hash\" value=\"\" \/>\n<\/div>\n<p><label> Votre demande d'inscription concerne la formation :<br \/>\n<span class=\"wpcf7-form-control-wrap\" data-name=\"menu-109\"><select class=\"wpcf7-form-control wpcf7-select wpcf7-validates-as-required\" aria-required=\"true\" aria-invalid=\"false\" name=\"menu-109\"><option value=\"Formation Starter\">Formation Starter<\/option><option value=\"Formation Interm\u00e9diaire\">Formation Interm\u00e9diaire<\/option><option value=\"Formation Avanc\u00e9e\">Formation Avanc\u00e9e<\/option><option value=\"Formation Investisseur\">Formation Investisseur<\/option><option value=\"Master d&#039;ing\u00e9nierie financi\u00e8re et Trading\">Master d&#039;ing\u00e9nierie financi\u00e8re et Trading<\/option><\/select><\/span><br \/>\n<label> Lieu de formation souhait\u00e9 :<br \/>\n<span class=\"wpcf7-form-control-wrap\" data-name=\"menu-58\"><select class=\"wpcf7-form-control wpcf7-select\" aria-invalid=\"false\" name=\"menu-58\"><option value=\"Universit\u00e9 internationale d&#039;Agadir - Maroc\">Universit\u00e9 internationale d&#039;Agadir - Maroc<\/option><option value=\"\u00c0 distance\">\u00c0 distance<\/option><\/select><\/span><br \/>\n<label> Nom :<br \/>\n<span class=\"wpcf7-form-control-wrap\" data-name=\"text-460\"><input size=\"40\" class=\"wpcf7-form-control wpcf7-text\" aria-invalid=\"false\" value=\"\" type=\"text\" name=\"text-460\" \/><\/span><br \/>\n<label> Pr\u00e9nom :<br \/>\n<span class=\"wpcf7-form-control-wrap\" data-name=\"text-460\"><input size=\"40\" class=\"wpcf7-form-control wpcf7-text\" aria-invalid=\"false\" value=\"\" type=\"text\" name=\"text-460\" \/><\/span><br \/>\n<label> T\u00e9l\u00e9phone :<br \/>\n<span class=\"wpcf7-form-control-wrap\" data-name=\"number-179\"><input class=\"wpcf7-form-control wpcf7-number wpcf7-validates-as-number\" aria-invalid=\"false\" value=\"\" type=\"number\" name=\"number-179\" \/><\/span><br \/>\n<label> Email :<br \/>\n<span class=\"wpcf7-form-control-wrap\" data-name=\"email-809\"><input size=\"40\" class=\"wpcf7-form-control wpcf7-text wpcf7-email wpcf7-validates-as-email\" aria-invalid=\"false\" value=\"\" type=\"email\" name=\"email-809\" \/><\/span><br \/>\n<label> Message:<br \/>\n<span class=\"wpcf7-form-control-wrap\" data-name=\"textarea-220\"><textarea cols=\"40\" rows=\"10\" class=\"wpcf7-form-control wpcf7-textarea\" aria-invalid=\"false\" name=\"textarea-220\"><\/textarea><\/span><br \/>\n<input class=\"wpcf7-form-control has-spinner wpcf7-submit\" type=\"submit\" value=\"Envoyer\" \/><\/label><\/label><\/label><\/label><\/label><\/label><\/label>\n<\/p><div class=\"wpcf7-response-output\" aria-hidden=\"true\"><\/div>\n<\/form>\n<\/div>\n[\/vc_column][\/vc_row][vc_row content_placement=&#8221;top&#8221; type=&#8221;vc_default&#8221; css=&#8221;.vc_custom_1579256061863{padding-top: 80px !important;padding-bottom: 40px !important;}&#8221;][vc_column width=&#8221;1\/2&#8243; offset=&#8221;vc_col-lg-4 vc_col-md-4&#8243;]<style type=\"text\/css\" data-type=\"the7_shortcodes-inline-css\">.icon-with-text-shortcode.icon-text-id-ba827afb8d5910c98b55a1eda86abb59 .text-icon {\n  width: 32px;\n  height: 32px;\n  line-height: 32px;\n  font-size: 32px;\n  border-radius: 0px;\n  margin: 0px 10px 10px 0px;\n}\n.icon-with-text-shortcode.icon-text-id-ba827afb8d5910c98b55a1eda86abb59 .text-icon .icon-inner {\n  min-width: 32px;\n  min-height: 32px;\n  border-radius: 0px;\n}\n@media all and (-ms-high-contrast: none) {\n  .icon-with-text-shortcode.icon-text-id-ba827afb8d5910c98b55a1eda86abb59 .text-icon .icon-inner {\n    height: 32px;\n  }\n}\n.icon-with-text-shortcode.icon-text-id-ba827afb8d5910c98b55a1eda86abb59 .text-icon .dt-hover-icon {\n  line-height: 32px;\n}\n.icon-with-text-shortcode.icon-text-id-ba827afb8d5910c98b55a1eda86abb59 .text-icon:before,\n.icon-with-text-shortcode.icon-text-id-ba827afb8d5910c98b55a1eda86abb59 .text-icon:after,\n.icon-with-text-shortcode.icon-text-id-ba827afb8d5910c98b55a1eda86abb59 .text-icon .icon-inner:before,\n.icon-with-text-shortcode.icon-text-id-ba827afb8d5910c98b55a1eda86abb59 .text-icon .icon-inner:after {\n  min-width: 100%;\n  min-height: 100%;\n  padding: inherit;\n  border-radius: inherit;\n}\n.icon-with-text-shortcode.icon-text-id-ba827afb8d5910c98b55a1eda86abb59 .text-icon.dt-icon-border-on:before {\n  border-width: 0px;\n  border-style: solid;\n}\n.dt-icon-border-dashed.icon-with-text-shortcode.icon-text-id-ba827afb8d5910c98b55a1eda86abb59 .text-icon.dt-icon-border-on:before {\n  border-style: dashed;\n}\n.dt-icon-border-dotted.icon-with-text-shortcode.icon-text-id-ba827afb8d5910c98b55a1eda86abb59 .text-icon.dt-icon-border-on:before {\n  border-style: dotted;\n}\n.dt-icon-border-double.icon-with-text-shortcode.icon-text-id-ba827afb8d5910c98b55a1eda86abb59 .text-icon.dt-icon-border-on:before {\n  border-style: double;\n}\n.icon-with-text-shortcode.icon-text-id-ba827afb8d5910c98b55a1eda86abb59 .text-icon.dt-icon-border-dashed.dt-icon-border-on:before {\n  border-style: dashed;\n}\n.icon-with-text-shortcode.icon-text-id-ba827afb8d5910c98b55a1eda86abb59 .text-icon.dt-icon-border-dotted.dt-icon-border-on:before {\n  border-style: dotted;\n}\n.icon-with-text-shortcode.icon-text-id-ba827afb8d5910c98b55a1eda86abb59 .text-icon.dt-icon-border-double.dt-icon-border-on:before {\n  border-style: double;\n}\n.icon-with-text-shortcode.icon-text-id-ba827afb8d5910c98b55a1eda86abb59 .text-icon.dt-icon-hover-border-on:after {\n  border-width: 0px;\n  border-style: solid;\n}\n.icon-with-text-shortcode.icon-text-id-ba827afb8d5910c98b55a1eda86abb59 .text-icon.dt-icon-border-dashed.dt-icon-hover-border-on:after {\n  border-style: dashed;\n}\n.icon-with-text-shortcode.icon-text-id-ba827afb8d5910c98b55a1eda86abb59 .text-icon.dt-icon-border-dotted.dt-icon-hover-border-on:after {\n  border-style: dotted;\n}\n.icon-with-text-shortcode.icon-text-id-ba827afb8d5910c98b55a1eda86abb59 .text-icon.dt-icon-border-double.dt-icon-hover-border-on:after {\n  border-style: double;\n}\n.icon-with-text-shortcode.icon-text-id-ba827afb8d5910c98b55a1eda86abb59 .text-icon.dt-icon-hover-on:hover {\n  font-size: 32px;\n}\n#page .icon-with-text-shortcode.icon-text-id-ba827afb8d5910c98b55a1eda86abb59 .text-icon.dt-icon-hover-on:hover .soc-font-icon,\n#phantom .icon-with-text-shortcode.icon-text-id-ba827afb8d5910c98b55a1eda86abb59 .text-icon.dt-icon-hover-on:hover .soc-font-icon,\n#page .icon-with-text-shortcode.icon-text-id-ba827afb8d5910c98b55a1eda86abb59 .text-icon.dt-icon-hover-on:hover .soc-icon,\n#phantom .icon-with-text-shortcode.icon-text-id-ba827afb8d5910c98b55a1eda86abb59 .text-icon.dt-icon-hover-on:hover .soc-icon {\n  color: #fff;\n  background: none;\n}\n.icon-with-text-shortcode.icon-text-id-ba827afb8d5910c98b55a1eda86abb59.layout-1 {\n  grid-template-columns: 32px minmax(0,1fr);\n  grid-column-gap: 10px;\n}\n.icon-with-text-shortcode.icon-text-id-ba827afb8d5910c98b55a1eda86abb59.layout-2 {\n  grid-template-columns: minmax(0,1fr) 32px;\n  grid-column-gap: 0px;\n}\n.icon-with-text-shortcode.icon-text-id-ba827afb8d5910c98b55a1eda86abb59.layout-2 .text-icon {\n  margin-left: 0;\n}\n.icon-with-text-shortcode.icon-text-id-ba827afb8d5910c98b55a1eda86abb59.layout-3 {\n  grid-template-columns: 32px minmax(0,1fr);\n}\n.icon-with-text-shortcode.icon-text-id-ba827afb8d5910c98b55a1eda86abb59.layout-3 .dt-text-title {\n  margin-left: 10px;\n}\n.icon-with-text-shortcode.icon-text-id-ba827afb8d5910c98b55a1eda86abb59 .dt-text-title {\n  margin-bottom: 10px;\n}\n.icon-with-text-shortcode.icon-text-id-ba827afb8d5910c98b55a1eda86abb59 .dt-text-desc {\n  margin-bottom: 0px;\n  font-size: 16px;\n  line-height: 28px;\n}\n<\/style><div class=\"icon-with-text-shortcode  icon-text-id-ba827afb8d5910c98b55a1eda86abb59 layout-3  vc_custom_1654645045564 \" ><span   class=\"text-icon dt-icon-bg-off dt-icon-hover-off\" ><span class=\"icon-inner\"><i class=\"dt-regular-icon soc-icon icomoon-the7-font-the7-map-07\"><\/i><i class=\"dt-hover-icon soc-icon icomoon-the7-font-the7-map-07\"><\/i><\/span><\/span><h3 class=\"dt-text-title\"  >Adresse<\/h3><div class=\"dt-text-desc\">UNIVERSIAPOLIS - UNIVERSIT\u00c9 INTERNATIONALE D'AGADIR<br \/>\nBab Al Madina, Qr Tilila, B.P. 8143, Agadir.<\/div><\/div>[\/vc_column][vc_column width=&#8221;1\/2&#8243; offset=&#8221;vc_col-lg-4 vc_col-md-4&#8243;]<style type=\"text\/css\" data-type=\"the7_shortcodes-inline-css\">.icon-with-text-shortcode.icon-text-id-24d2b60e7c00c767f871335db9f42f51 .text-icon {\n  width: 32px;\n  height: 32px;\n  line-height: 32px;\n  font-size: 32px;\n  border-radius: 0px;\n  margin: 0px 10px 10px 0px;\n}\n.icon-with-text-shortcode.icon-text-id-24d2b60e7c00c767f871335db9f42f51 .text-icon .icon-inner {\n  min-width: 32px;\n  min-height: 32px;\n  border-radius: 0px;\n}\n@media all and (-ms-high-contrast: none) {\n  .icon-with-text-shortcode.icon-text-id-24d2b60e7c00c767f871335db9f42f51 .text-icon .icon-inner {\n    height: 32px;\n  }\n}\n.icon-with-text-shortcode.icon-text-id-24d2b60e7c00c767f871335db9f42f51 .text-icon .dt-hover-icon {\n  line-height: 32px;\n}\n.icon-with-text-shortcode.icon-text-id-24d2b60e7c00c767f871335db9f42f51 .text-icon:before,\n.icon-with-text-shortcode.icon-text-id-24d2b60e7c00c767f871335db9f42f51 .text-icon:after,\n.icon-with-text-shortcode.icon-text-id-24d2b60e7c00c767f871335db9f42f51 .text-icon .icon-inner:before,\n.icon-with-text-shortcode.icon-text-id-24d2b60e7c00c767f871335db9f42f51 .text-icon .icon-inner:after {\n  min-width: 100%;\n  min-height: 100%;\n  padding: inherit;\n  border-radius: inherit;\n}\n.icon-with-text-shortcode.icon-text-id-24d2b60e7c00c767f871335db9f42f51 .text-icon.dt-icon-border-on:before {\n  border-width: 0px;\n  border-style: solid;\n}\n.dt-icon-border-dashed.icon-with-text-shortcode.icon-text-id-24d2b60e7c00c767f871335db9f42f51 .text-icon.dt-icon-border-on:before {\n  border-style: dashed;\n}\n.dt-icon-border-dotted.icon-with-text-shortcode.icon-text-id-24d2b60e7c00c767f871335db9f42f51 .text-icon.dt-icon-border-on:before {\n  border-style: dotted;\n}\n.dt-icon-border-double.icon-with-text-shortcode.icon-text-id-24d2b60e7c00c767f871335db9f42f51 .text-icon.dt-icon-border-on:before {\n  border-style: double;\n}\n.icon-with-text-shortcode.icon-text-id-24d2b60e7c00c767f871335db9f42f51 .text-icon.dt-icon-border-dashed.dt-icon-border-on:before {\n  border-style: dashed;\n}\n.icon-with-text-shortcode.icon-text-id-24d2b60e7c00c767f871335db9f42f51 .text-icon.dt-icon-border-dotted.dt-icon-border-on:before {\n  border-style: dotted;\n}\n.icon-with-text-shortcode.icon-text-id-24d2b60e7c00c767f871335db9f42f51 .text-icon.dt-icon-border-double.dt-icon-border-on:before {\n  border-style: double;\n}\n.icon-with-text-shortcode.icon-text-id-24d2b60e7c00c767f871335db9f42f51 .text-icon.dt-icon-hover-border-on:after {\n  border-width: 0px;\n  border-style: solid;\n}\n.icon-with-text-shortcode.icon-text-id-24d2b60e7c00c767f871335db9f42f51 .text-icon.dt-icon-border-dashed.dt-icon-hover-border-on:after {\n  border-style: dashed;\n}\n.icon-with-text-shortcode.icon-text-id-24d2b60e7c00c767f871335db9f42f51 .text-icon.dt-icon-border-dotted.dt-icon-hover-border-on:after {\n  border-style: dotted;\n}\n.icon-with-text-shortcode.icon-text-id-24d2b60e7c00c767f871335db9f42f51 .text-icon.dt-icon-border-double.dt-icon-hover-border-on:after {\n  border-style: double;\n}\n.icon-with-text-shortcode.icon-text-id-24d2b60e7c00c767f871335db9f42f51 .text-icon.dt-icon-hover-on:hover {\n  font-size: 32px;\n}\n#page .icon-with-text-shortcode.icon-text-id-24d2b60e7c00c767f871335db9f42f51 .text-icon.dt-icon-hover-on:hover .soc-font-icon,\n#phantom .icon-with-text-shortcode.icon-text-id-24d2b60e7c00c767f871335db9f42f51 .text-icon.dt-icon-hover-on:hover .soc-font-icon,\n#page .icon-with-text-shortcode.icon-text-id-24d2b60e7c00c767f871335db9f42f51 .text-icon.dt-icon-hover-on:hover .soc-icon,\n#phantom .icon-with-text-shortcode.icon-text-id-24d2b60e7c00c767f871335db9f42f51 .text-icon.dt-icon-hover-on:hover .soc-icon {\n  color: #fff;\n  background: none;\n}\n.icon-with-text-shortcode.icon-text-id-24d2b60e7c00c767f871335db9f42f51.layout-1 {\n  grid-template-columns: 32px minmax(0,1fr);\n  grid-column-gap: 10px;\n}\n.icon-with-text-shortcode.icon-text-id-24d2b60e7c00c767f871335db9f42f51.layout-2 {\n  grid-template-columns: minmax(0,1fr) 32px;\n  grid-column-gap: 0px;\n}\n.icon-with-text-shortcode.icon-text-id-24d2b60e7c00c767f871335db9f42f51.layout-2 .text-icon {\n  margin-left: 0;\n}\n.icon-with-text-shortcode.icon-text-id-24d2b60e7c00c767f871335db9f42f51.layout-3 {\n  grid-template-columns: 32px minmax(0,1fr);\n}\n.icon-with-text-shortcode.icon-text-id-24d2b60e7c00c767f871335db9f42f51.layout-3 .dt-text-title {\n  margin-left: 10px;\n}\n.icon-with-text-shortcode.icon-text-id-24d2b60e7c00c767f871335db9f42f51 .dt-text-title {\n  margin-bottom: 10px;\n}\n.icon-with-text-shortcode.icon-text-id-24d2b60e7c00c767f871335db9f42f51 .dt-text-desc {\n  margin-bottom: 0px;\n  font-size: 16px;\n  line-height: 28px;\n}\n<\/style><div class=\"icon-with-text-shortcode  icon-text-id-24d2b60e7c00c767f871335db9f42f51 layout-3  vc_custom_1654645024689 \" ><span   class=\"text-icon dt-icon-bg-off dt-icon-hover-off\" ><span class=\"icon-inner\"><i class=\"dt-regular-icon soc-icon icomoon-the7-font-the7-phone-04\"><\/i><i class=\"dt-hover-icon soc-icon icomoon-the7-font-the7-phone-04\"><\/i><\/span><\/span><h3 class=\"dt-text-title\"  >Contactez-nous<\/h3><div class=\"dt-text-desc\">+212 677 303 334<br \/>\n+212 675 100 266<\/div><\/div><style type=\"text\/css\" data-type=\"the7_shortcodes-inline-css\">.icon-with-text-shortcode.icon-text-id-20871b27cc2d2d1e664a92e090ab53d9 .text-icon {\n  width: 32px;\n  height: 32px;\n  line-height: 32px;\n  font-size: 32px;\n  border-radius: 0px;\n  margin: 0px 10px 10px 0px;\n}\n.icon-with-text-shortcode.icon-text-id-20871b27cc2d2d1e664a92e090ab53d9 .text-icon .icon-inner {\n  min-width: 32px;\n  min-height: 32px;\n  border-radius: 0px;\n}\n@media all and (-ms-high-contrast: none) {\n  .icon-with-text-shortcode.icon-text-id-20871b27cc2d2d1e664a92e090ab53d9 .text-icon .icon-inner {\n    height: 32px;\n  }\n}\n.icon-with-text-shortcode.icon-text-id-20871b27cc2d2d1e664a92e090ab53d9 .text-icon .dt-hover-icon {\n  line-height: 32px;\n}\n.icon-with-text-shortcode.icon-text-id-20871b27cc2d2d1e664a92e090ab53d9 .text-icon:before,\n.icon-with-text-shortcode.icon-text-id-20871b27cc2d2d1e664a92e090ab53d9 .text-icon:after,\n.icon-with-text-shortcode.icon-text-id-20871b27cc2d2d1e664a92e090ab53d9 .text-icon .icon-inner:before,\n.icon-with-text-shortcode.icon-text-id-20871b27cc2d2d1e664a92e090ab53d9 .text-icon .icon-inner:after {\n  min-width: 100%;\n  min-height: 100%;\n  padding: inherit;\n  border-radius: inherit;\n}\n.icon-with-text-shortcode.icon-text-id-20871b27cc2d2d1e664a92e090ab53d9 .text-icon.dt-icon-border-on:before {\n  border-width: 0px;\n  border-style: solid;\n}\n.dt-icon-border-dashed.icon-with-text-shortcode.icon-text-id-20871b27cc2d2d1e664a92e090ab53d9 .text-icon.dt-icon-border-on:before {\n  border-style: dashed;\n}\n.dt-icon-border-dotted.icon-with-text-shortcode.icon-text-id-20871b27cc2d2d1e664a92e090ab53d9 .text-icon.dt-icon-border-on:before {\n  border-style: dotted;\n}\n.dt-icon-border-double.icon-with-text-shortcode.icon-text-id-20871b27cc2d2d1e664a92e090ab53d9 .text-icon.dt-icon-border-on:before {\n  border-style: double;\n}\n.icon-with-text-shortcode.icon-text-id-20871b27cc2d2d1e664a92e090ab53d9 .text-icon.dt-icon-border-dashed.dt-icon-border-on:before {\n  border-style: dashed;\n}\n.icon-with-text-shortcode.icon-text-id-20871b27cc2d2d1e664a92e090ab53d9 .text-icon.dt-icon-border-dotted.dt-icon-border-on:before {\n  border-style: dotted;\n}\n.icon-with-text-shortcode.icon-text-id-20871b27cc2d2d1e664a92e090ab53d9 .text-icon.dt-icon-border-double.dt-icon-border-on:before {\n  border-style: double;\n}\n.icon-with-text-shortcode.icon-text-id-20871b27cc2d2d1e664a92e090ab53d9 .text-icon.dt-icon-hover-border-on:after {\n  border-width: 0px;\n  border-style: solid;\n}\n.icon-with-text-shortcode.icon-text-id-20871b27cc2d2d1e664a92e090ab53d9 .text-icon.dt-icon-border-dashed.dt-icon-hover-border-on:after {\n  border-style: dashed;\n}\n.icon-with-text-shortcode.icon-text-id-20871b27cc2d2d1e664a92e090ab53d9 .text-icon.dt-icon-border-dotted.dt-icon-hover-border-on:after {\n  border-style: dotted;\n}\n.icon-with-text-shortcode.icon-text-id-20871b27cc2d2d1e664a92e090ab53d9 .text-icon.dt-icon-border-double.dt-icon-hover-border-on:after {\n  border-style: double;\n}\n.icon-with-text-shortcode.icon-text-id-20871b27cc2d2d1e664a92e090ab53d9 .text-icon.dt-icon-hover-on:hover {\n  font-size: 32px;\n}\n#page .icon-with-text-shortcode.icon-text-id-20871b27cc2d2d1e664a92e090ab53d9 .text-icon.dt-icon-hover-on:hover .soc-font-icon,\n#phantom .icon-with-text-shortcode.icon-text-id-20871b27cc2d2d1e664a92e090ab53d9 .text-icon.dt-icon-hover-on:hover .soc-font-icon,\n#page .icon-with-text-shortcode.icon-text-id-20871b27cc2d2d1e664a92e090ab53d9 .text-icon.dt-icon-hover-on:hover .soc-icon,\n#phantom .icon-with-text-shortcode.icon-text-id-20871b27cc2d2d1e664a92e090ab53d9 .text-icon.dt-icon-hover-on:hover .soc-icon {\n  color: #fff;\n  background: none;\n}\n.icon-with-text-shortcode.icon-text-id-20871b27cc2d2d1e664a92e090ab53d9.layout-1 {\n  grid-template-columns: 32px minmax(0,1fr);\n  grid-column-gap: 10px;\n}\n.icon-with-text-shortcode.icon-text-id-20871b27cc2d2d1e664a92e090ab53d9.layout-2 {\n  grid-template-columns: minmax(0,1fr) 32px;\n  grid-column-gap: 0px;\n}\n.icon-with-text-shortcode.icon-text-id-20871b27cc2d2d1e664a92e090ab53d9.layout-2 .text-icon {\n  margin-left: 0;\n}\n.icon-with-text-shortcode.icon-text-id-20871b27cc2d2d1e664a92e090ab53d9.layout-3 {\n  grid-template-columns: 32px minmax(0,1fr);\n}\n.icon-with-text-shortcode.icon-text-id-20871b27cc2d2d1e664a92e090ab53d9.layout-3 .dt-text-title {\n  margin-left: 10px;\n}\n.icon-with-text-shortcode.icon-text-id-20871b27cc2d2d1e664a92e090ab53d9 .dt-text-title {\n  margin-bottom: 10px;\n}\n.icon-with-text-shortcode.icon-text-id-20871b27cc2d2d1e664a92e090ab53d9 .dt-text-desc {\n  margin-bottom: 0px;\n  font-size: 16px;\n  line-height: 28px;\n}\n<\/style><div class=\"icon-with-text-shortcode  icon-text-id-20871b27cc2d2d1e664a92e090ab53d9 layout-3  vc_custom_1681408431037 \" ><span   class=\"text-icon dt-icon-bg-off dt-icon-hover-off\" ><span class=\"icon-inner\"><i class=\"dt-regular-icon soc-icon icomoon-the7-font-the7-mail-08\"><\/i><i class=\"dt-hover-icon soc-icon icomoon-the7-font-the7-mail-08\"><\/i><\/span><\/span><h3 class=\"dt-text-title\"  >Email<\/h3><div class=\"dt-text-desc\">universia-trading@universiapolis.ma<\/div><\/div>[\/vc_column][vc_column width=&#8221;1\/2&#8243; offset=&#8221;vc_col-lg-4 vc_col-md-4&#8243;]<style type=\"text\/css\" data-type=\"the7_shortcodes-inline-css\">.icon-with-text-shortcode.icon-text-id-b7de7cf6973e6542c4ba2d0d3fa08ffe .text-icon {\n  width: 32px;\n  height: 32px;\n  line-height: 32px;\n  font-size: 32px;\n  border-radius: 0px;\n  margin: 0px 10px 10px 0px;\n}\n.icon-with-text-shortcode.icon-text-id-b7de7cf6973e6542c4ba2d0d3fa08ffe .text-icon .icon-inner {\n  min-width: 32px;\n  min-height: 32px;\n  border-radius: 0px;\n}\n@media all and (-ms-high-contrast: none) {\n  .icon-with-text-shortcode.icon-text-id-b7de7cf6973e6542c4ba2d0d3fa08ffe .text-icon .icon-inner {\n    height: 32px;\n  }\n}\n.icon-with-text-shortcode.icon-text-id-b7de7cf6973e6542c4ba2d0d3fa08ffe .text-icon .dt-hover-icon {\n  line-height: 32px;\n}\n.icon-with-text-shortcode.icon-text-id-b7de7cf6973e6542c4ba2d0d3fa08ffe .text-icon:before,\n.icon-with-text-shortcode.icon-text-id-b7de7cf6973e6542c4ba2d0d3fa08ffe .text-icon:after,\n.icon-with-text-shortcode.icon-text-id-b7de7cf6973e6542c4ba2d0d3fa08ffe .text-icon .icon-inner:before,\n.icon-with-text-shortcode.icon-text-id-b7de7cf6973e6542c4ba2d0d3fa08ffe .text-icon .icon-inner:after {\n  min-width: 100%;\n  min-height: 100%;\n  padding: inherit;\n  border-radius: inherit;\n}\n.icon-with-text-shortcode.icon-text-id-b7de7cf6973e6542c4ba2d0d3fa08ffe .text-icon.dt-icon-border-on:before {\n  border-width: 0px;\n  border-style: solid;\n}\n.dt-icon-border-dashed.icon-with-text-shortcode.icon-text-id-b7de7cf6973e6542c4ba2d0d3fa08ffe .text-icon.dt-icon-border-on:before {\n  border-style: dashed;\n}\n.dt-icon-border-dotted.icon-with-text-shortcode.icon-text-id-b7de7cf6973e6542c4ba2d0d3fa08ffe .text-icon.dt-icon-border-on:before {\n  border-style: dotted;\n}\n.dt-icon-border-double.icon-with-text-shortcode.icon-text-id-b7de7cf6973e6542c4ba2d0d3fa08ffe .text-icon.dt-icon-border-on:before {\n  border-style: double;\n}\n.icon-with-text-shortcode.icon-text-id-b7de7cf6973e6542c4ba2d0d3fa08ffe .text-icon.dt-icon-border-dashed.dt-icon-border-on:before {\n  border-style: dashed;\n}\n.icon-with-text-shortcode.icon-text-id-b7de7cf6973e6542c4ba2d0d3fa08ffe .text-icon.dt-icon-border-dotted.dt-icon-border-on:before {\n  border-style: dotted;\n}\n.icon-with-text-shortcode.icon-text-id-b7de7cf6973e6542c4ba2d0d3fa08ffe .text-icon.dt-icon-border-double.dt-icon-border-on:before {\n  border-style: double;\n}\n.icon-with-text-shortcode.icon-text-id-b7de7cf6973e6542c4ba2d0d3fa08ffe .text-icon.dt-icon-hover-border-on:after {\n  border-width: 0px;\n  border-style: solid;\n}\n.icon-with-text-shortcode.icon-text-id-b7de7cf6973e6542c4ba2d0d3fa08ffe .text-icon.dt-icon-border-dashed.dt-icon-hover-border-on:after {\n  border-style: dashed;\n}\n.icon-with-text-shortcode.icon-text-id-b7de7cf6973e6542c4ba2d0d3fa08ffe .text-icon.dt-icon-border-dotted.dt-icon-hover-border-on:after {\n  border-style: dotted;\n}\n.icon-with-text-shortcode.icon-text-id-b7de7cf6973e6542c4ba2d0d3fa08ffe .text-icon.dt-icon-border-double.dt-icon-hover-border-on:after {\n  border-style: double;\n}\n.icon-with-text-shortcode.icon-text-id-b7de7cf6973e6542c4ba2d0d3fa08ffe .text-icon.dt-icon-hover-on:hover {\n  font-size: 32px;\n}\n#page .icon-with-text-shortcode.icon-text-id-b7de7cf6973e6542c4ba2d0d3fa08ffe .text-icon.dt-icon-hover-on:hover .soc-font-icon,\n#phantom .icon-with-text-shortcode.icon-text-id-b7de7cf6973e6542c4ba2d0d3fa08ffe .text-icon.dt-icon-hover-on:hover .soc-font-icon,\n#page .icon-with-text-shortcode.icon-text-id-b7de7cf6973e6542c4ba2d0d3fa08ffe .text-icon.dt-icon-hover-on:hover .soc-icon,\n#phantom .icon-with-text-shortcode.icon-text-id-b7de7cf6973e6542c4ba2d0d3fa08ffe .text-icon.dt-icon-hover-on:hover .soc-icon {\n  color: #fff;\n  background: none;\n}\n.icon-with-text-shortcode.icon-text-id-b7de7cf6973e6542c4ba2d0d3fa08ffe.layout-1 {\n  grid-template-columns: 32px minmax(0,1fr);\n  grid-column-gap: 10px;\n}\n.icon-with-text-shortcode.icon-text-id-b7de7cf6973e6542c4ba2d0d3fa08ffe.layout-2 {\n  grid-template-columns: minmax(0,1fr) 32px;\n  grid-column-gap: 0px;\n}\n.icon-with-text-shortcode.icon-text-id-b7de7cf6973e6542c4ba2d0d3fa08ffe.layout-2 .text-icon {\n  margin-left: 0;\n}\n.icon-with-text-shortcode.icon-text-id-b7de7cf6973e6542c4ba2d0d3fa08ffe.layout-3 {\n  grid-template-columns: 32px minmax(0,1fr);\n}\n.icon-with-text-shortcode.icon-text-id-b7de7cf6973e6542c4ba2d0d3fa08ffe.layout-3 .dt-text-title {\n  margin-left: 10px;\n}\n.icon-with-text-shortcode.icon-text-id-b7de7cf6973e6542c4ba2d0d3fa08ffe .dt-text-title {\n  margin-bottom: 10px;\n}\n.icon-with-text-shortcode.icon-text-id-b7de7cf6973e6542c4ba2d0d3fa08ffe .dt-text-desc {\n  margin-bottom: 0px;\n  font-size: 16px;\n  line-height: 28px;\n}\n<\/style><div class=\"icon-with-text-shortcode  icon-text-id-b7de7cf6973e6542c4ba2d0d3fa08ffe layout-3  vc_custom_1654645005213 \" ><span   class=\"text-icon dt-icon-bg-off dt-icon-hover-off\" ><span class=\"icon-inner\"><i class=\"dt-regular-icon soc-icon icomoon-the7-font-the7-clock-00\"><\/i><i class=\"dt-hover-icon soc-icon icomoon-the7-font-the7-clock-00\"><\/i><\/span><\/span><h3 class=\"dt-text-title\"  >Les Horaires<\/h3><div class=\"dt-text-desc\">Lundi\u2026\u2026\u2026\u2026\u2026. 08h30 - 18h00<br \/>\nMardi\u2026\u2026\u2026\u2026\u2026. 08h30 - 18h00<br \/>\nMercredi\u2026\u2026\u2026. 08h30 - 18h00<br \/>\nJeudi\u2026\u2026\u2026\u2026..... 08h30 - 18h00<br \/>\nVendredi\u2026\u2026.... 08h30 - 18h00<br \/>\nSamedi - Dimanche \u2026\u2026\u2026\u2026 Ferm\u00e9<\/div><\/div>[\/vc_column][\/vc_row]<\/p>\n","protected":false},"excerpt":{"rendered":"<p>[vc_row][vc_column][\/vc_column][\/vc_row][vc_row content_placement=&#8221;top&#8221; type=&#8221;vc_default&#8221; css=&#8221;.vc_custom_1579256061863{padding-top: 80px !important;padding-bottom: 40px !important;}&#8221;][vc_column width=&#8221;1\/2&#8243; offset=&#8221;vc_col-lg-4 vc_col-md-4&#8243;][\/vc_column][vc_column width=&#8221;1\/2&#8243; offset=&#8221;vc_col-lg-4 vc_col-md-4&#8243;][\/vc_column][vc_column width=&#8221;1\/2&#8243; offset=&#8221;vc_col-lg-4 vc_col-md-4&#8243;][\/vc_column][\/vc_row]<\/p>\n","protected":false},"author":1,"featured_media":0,"parent":0,"menu_order":70,"comment_status":"closed","ping_status":"closed","template":"","meta":{"footnotes":""},"class_list":["post-5289","page","type-page","status-publish","hentry","description-off"],"_links":{"self":[{"href":"https:\/\/universia-trading.ma\/en\/wp-json\/wp\/v2\/pages\/5289","targetHints":{"allow":["GET"]}}],"collection":[{"href":"https:\/\/universia-trading.ma\/en\/wp-json\/wp\/v2\/pages"}],"about":[{"href":"https:\/\/universia-trading.ma\/en\/wp-json\/wp\/v2\/types\/page"}],"author":[{"embeddable":true,"href":"https:\/\/universia-trading.ma\/en\/wp-json\/wp\/v2\/users\/1"}],"replies":[{"embeddable":true,"href":"https:\/\/universia-trading.ma\/en\/wp-json\/wp\/v2\/comments?post=5289"}],"version-history":[{"count":2,"href":"https:\/\/universia-trading.ma\/en\/wp-json\/wp\/v2\/pages\/5289\/revisions"}],"predecessor-version":[{"id":5539,"href":"https:\/\/universia-trading.ma\/en\/wp-json\/wp\/v2\/pages\/5289\/revisions\/5539"}],"wp:attachment":[{"href":"https:\/\/universia-trading.ma\/en\/wp-json\/wp\/v2\/media?parent=5289"}],"curies":[{"name":"wp","href":"https:\/\/api.w.org\/{rel}","templated":true}]}}